{"id":1307,"date":"2019-01-23T06:31:53","date_gmt":"2019-01-23T06:31:53","guid":{"rendered":"http:\/\/bartholdys.com\/index.php\/store\/"},"modified":"2022-07-18T00:26:13","modified_gmt":"2022-07-18T00:26:13","slug":"store","status":"publish","type":"page","link":"https:\/\/bartholdys.com\/index.php\/store\/","title":{"rendered":"TIENDA"},"content":{"rendered":"\t\t<div data-elementor-type=\"wp-post\" data-elementor-id=\"1307\" class=\"elementor elementor-1307\">\n\t\t\t\t\t\t\t\t\t<section class=\"elementor-section elementor-top-section elementor-element elementor-element-de7824a elementor-section-boxed elementor-section-height-default elementor-section-height-default\" data-id=\"de7824a\" data-element_type=\"section\">\n\t\t\t\t\t\t<div class=\"elementor-container elementor-column-gap-default\">\n\t\t\t\t\t<div class=\"elementor-column elementor-col-100 elementor-top-column elementor-element elementor-element-a5ac668\" data-id=\"a5ac668\" data-element_type=\"column\">\n\t\t\t<div class=\"elementor-widget-wrap elementor-element-populated\">\n\t\t\t\t\t\t\t\t<div class=\"elementor-element elementor-element-2fb0b92 elementor-widget elementor-widget-shortcode\" data-id=\"2fb0b92\" data-element_type=\"widget\" data-widget_type=\"shortcode.default\">\n\t\t\t\t<div class=\"elementor-widget-container\">\n\t\t\t\t\t<div class=\"elementor-shortcode\"><div  class=\"dgwt-wcas-search-wrapp dgwt-wcas-is-detail-box dgwt-wcas-has-submit woocommerce js-dgwt-wcas-layout-classic dgwt-wcas-layout-classic js-dgwt-wcas-mobile-overlay-enabled\">\n\t\t<form class=\"dgwt-wcas-search-form\" role=\"search\" action=\"https:\/\/bartholdys.com\/\" method=\"get\">\n\t\t<div class=\"dgwt-wcas-sf-wrapp\">\n\t\t\t\t\t\t<label class=\"screen-reader-text\"\n\t\t\t       for=\"dgwt-wcas-search-input-1\">Products search<\/label>\n\n\t\t\t<input id=\"dgwt-wcas-search-input-1\"\n\t\t\t       type=\"search\"\n\t\t\t       class=\"dgwt-wcas-search-input\"\n\t\t\t       name=\"s\"\n\t\t\t       value=\"\"\n\t\t\t       placeholder=\"Search for products...\"\n\t\t\t       autocomplete=\"off\"\n\t\t\t\t   \t\t\t\/>\n\t\t\t<div class=\"dgwt-wcas-preloader\"><\/div>\n\n\t\t\t\t\t\t\t<button type=\"submit\"\n\t\t\t\t        aria-label=\"Search\"\n\t\t\t\t        class=\"dgwt-wcas-search-submit\">Search<\/button>\n\t\t\t\n\t\t\t<input type=\"hidden\" name=\"post_type\" value=\"product\"\/>\n\t\t\t<input type=\"hidden\" name=\"dgwt_wcas\" value=\"1\"\/>\n\n\t\t\t\n\t\t\t\t\t<\/div>\n\t<\/form>\n<\/div>\n<\/div>\n\t\t\t\t<\/div>\n\t\t\t\t<\/div>\n\t\t\t\t\t<\/div>\n\t\t<\/div>\n\t\t\t\t\t\t\t<\/div>\n\t\t<\/section>\n\t\t\t\t<section class=\"elementor-section elementor-top-section elementor-element elementor-element-caa47fa elementor-section-content-middle elementor-section-boxed elementor-section-height-default elementor-section-height-default\" data-id=\"caa47fa\" data-element_type=\"section\" data-settings=\"{&quot;background_background&quot;:&quot;classic&quot;}\">\n\t\t\t\t\t\t\t<div class=\"elementor-background-overlay\"><\/div>\n\t\t\t\t\t\t\t<div class=\"elementor-container elementor-column-gap-no\">\n\t\t\t\t\t<div class=\"elementor-column elementor-col-100 elementor-top-column elementor-element elementor-element-def1b4b\" data-id=\"def1b4b\" data-element_type=\"column\">\n\t\t\t<div class=\"elementor-widget-wrap elementor-element-populated\">\n\t\t\t\t\t\t\t\t\t<\/div>\n\t\t<\/div>\n\t\t\t\t\t\t\t<\/div>\n\t\t<\/section>\n\t\t\t\t<section class=\"elementor-section elementor-top-section elementor-element elementor-element-c1f308b elementor-section-boxed elementor-section-height-default elementor-section-height-default\" data-id=\"c1f308b\" data-element_type=\"section\">\n\t\t\t\t\t\t<div class=\"elementor-container elementor-column-gap-default\">\n\t\t\t\t\t<div class=\"elementor-column elementor-col-100 elementor-top-column elementor-element elementor-element-c885fc2\" data-id=\"c885fc2\" data-element_type=\"column\">\n\t\t\t<div class=\"elementor-widget-wrap elementor-element-populated\">\n\t\t\t\t\t\t\t\t<div class=\"elementor-element elementor-element-d77b18f elementor-widget elementor-widget-image\" data-id=\"d77b18f\" data-element_type=\"widget\" data-widget_type=\"image.default\">\n\t\t\t\t<div class=\"elementor-widget-container\">\n\t\t\t<style>\/*! elementor - v3.6.6 - 08-06-2022 *\/\n.elementor-widget-image{text-align:center}.elementor-widget-image a{display:inline-block}.elementor-widget-image a img[src$=\".svg\"]{width:48px}.elementor-widget-image img{vertical-align:middle;display:inline-block}<\/style>\t\t\t\t\t\t\t\t\t\t\t\t<img width=\"950\" height=\"511\" src=\"https:\/\/bartholdys.com\/wp-content\/uploads\/2022\/07\/1-1024x551.png\" class=\"attachment-large size-large\" alt=\"\" loading=\"lazy\" srcset=\"https:\/\/bartholdys.com\/wp-content\/uploads\/2022\/07\/1-1024x551.png 1024w, https:\/\/bartholdys.com\/wp-content\/uploads\/2022\/07\/1-300x161.png 300w, https:\/\/bartholdys.com\/wp-content\/uploads\/2022\/07\/1-768x413.png 768w, https:\/\/bartholdys.com\/wp-content\/uploads\/2022\/07\/1-1536x826.png 1536w, https:\/\/bartholdys.com\/wp-content\/uploads\/2022\/07\/1-600x323.png 600w, https:\/\/bartholdys.com\/wp-content\/uploads\/2022\/07\/1-64x34.png 64w, https:\/\/bartholdys.com\/wp-content\/uploads\/2022\/07\/1.png 1580w\" sizes=\"100vw\" \/>\t\t\t\t\t\t\t\t\t\t\t\t\t\t\t<\/div>\n\t\t\t\t<\/div>\n\t\t\t\t<div class=\"elementor-element elementor-element-f66cdd2 elementor-align-center elementor-widget elementor-widget-button\" data-id=\"f66cdd2\" data-element_type=\"widget\" data-widget_type=\"button.default\">\n\t\t\t\t<div class=\"elementor-widget-container\">\n\t\t\t\t\t<div class=\"elementor-button-wrapper\">\n\t\t\t<a href=\"http:\/\/bartholdys.com\/index.php\/product-category\/libros\/\" class=\"elementor-button-link elementor-button elementor-size-xs\" role=\"button\">\n\t\t\t\t\t\t<span class=\"elementor-button-content-wrapper\">\n\t\t\t\t\t\t<span class=\"elementor-button-text\">Cat\u00e1logo<\/span>\n\t\t<\/span>\n\t\t\t\t\t<\/a>\n\t\t<\/div>\n\t\t\t\t<\/div>\n\t\t\t\t<\/div>\n\t\t\t\t\t<\/div>\n\t\t<\/div>\n\t\t\t\t\t\t\t<\/div>\n\t\t<\/section>\n\t\t\t\t<section class=\"elementor-section elementor-top-section elementor-element elementor-element-4083d97 elementor-section-boxed elementor-section-height-default elementor-section-height-default\" data-id=\"4083d97\" data-element_type=\"section\">\n\t\t\t\t\t\t<div class=\"elementor-container elementor-column-gap-default\">\n\t\t\t\t\t<div class=\"elementor-column elementor-col-100 elementor-top-column elementor-element elementor-element-60439e2\" data-id=\"60439e2\" data-element_type=\"column\">\n\t\t\t<div class=\"elementor-widget-wrap elementor-element-populated\">\n\t\t\t\t\t\t\t\t<div class=\"elementor-element elementor-element-ea0c373 elementor-widget elementor-widget-image\" data-id=\"ea0c373\" data-element_type=\"widget\" data-widget_type=\"image.default\">\n\t\t\t\t<div class=\"elementor-widget-container\">\n\t\t\t\t\t\t\t\t\t\t\t\t\t\t\t<img width=\"950\" height=\"511\" src=\"https:\/\/bartholdys.com\/wp-content\/uploads\/2022\/07\/2-1024x551.png\" class=\"attachment-large size-large\" alt=\"\" loading=\"lazy\" srcset=\"https:\/\/bartholdys.com\/wp-content\/uploads\/2022\/07\/2-1024x551.png 1024w, https:\/\/bartholdys.com\/wp-content\/uploads\/2022\/07\/2-300x161.png 300w, https:\/\/bartholdys.com\/wp-content\/uploads\/2022\/07\/2-768x413.png 768w, https:\/\/bartholdys.com\/wp-content\/uploads\/2022\/07\/2-1536x826.png 1536w, https:\/\/bartholdys.com\/wp-content\/uploads\/2022\/07\/2-600x323.png 600w, https:\/\/bartholdys.com\/wp-content\/uploads\/2022\/07\/2-64x34.png 64w, https:\/\/bartholdys.com\/wp-content\/uploads\/2022\/07\/2.png 1580w\" sizes=\"100vw\" \/>\t\t\t\t\t\t\t\t\t\t\t\t\t\t\t<\/div>\n\t\t\t\t<\/div>\n\t\t\t\t<div class=\"elementor-element elementor-element-3a3739f elementor-widget elementor-widget-button\" data-id=\"3a3739f\" data-element_type=\"widget\" data-widget_type=\"button.default\">\n\t\t\t\t<div class=\"elementor-widget-container\">\n\t\t\t\t\t<div class=\"elementor-button-wrapper\">\n\t\t\t<a href=\"http:\/\/bartholdys.com\/index.php\/product-category\/partituras\/\" class=\"elementor-button-link elementor-button elementor-size-xs\" role=\"button\">\n\t\t\t\t\t\t<span class=\"elementor-button-content-wrapper\">\n\t\t\t\t\t\t<span class=\"elementor-button-text\">Cat\u00e1logo<\/span>\n\t\t<\/span>\n\t\t\t\t\t<\/a>\n\t\t<\/div>\n\t\t\t\t<\/div>\n\t\t\t\t<\/div>\n\t\t\t\t\t<\/div>\n\t\t<\/div>\n\t\t\t\t\t\t\t<\/div>\n\t\t<\/section>\n\t\t\t\t<section class=\"elementor-section elementor-top-section elementor-element elementor-element-8c2d07f elementor-section-boxed elementor-section-height-default elementor-section-height-default\" data-id=\"8c2d07f\" data-element_type=\"section\">\n\t\t\t\t\t\t<div class=\"elementor-container elementor-column-gap-default\">\n\t\t\t\t\t<div class=\"elementor-column elementor-col-100 elementor-top-column elementor-element elementor-element-0325ae1\" data-id=\"0325ae1\" data-element_type=\"column\">\n\t\t\t<div class=\"elementor-widget-wrap elementor-element-populated\">\n\t\t\t\t\t\t\t\t<div class=\"elementor-element elementor-element-ae84b65 elementor-widget elementor-widget-image\" data-id=\"ae84b65\" data-element_type=\"widget\" data-widget_type=\"image.default\">\n\t\t\t\t<div class=\"elementor-widget-container\">\n\t\t\t\t\t\t\t\t\t\t\t\t\t\t\t<img width=\"950\" height=\"511\" src=\"https:\/\/bartholdys.com\/wp-content\/uploads\/2022\/07\/4-1024x551.png\" class=\"attachment-large size-large\" alt=\"\" loading=\"lazy\" srcset=\"https:\/\/bartholdys.com\/wp-content\/uploads\/2022\/07\/4-1024x551.png 1024w, https:\/\/bartholdys.com\/wp-content\/uploads\/2022\/07\/4-300x161.png 300w, https:\/\/bartholdys.com\/wp-content\/uploads\/2022\/07\/4-768x413.png 768w, https:\/\/bartholdys.com\/wp-content\/uploads\/2022\/07\/4-1536x826.png 1536w, https:\/\/bartholdys.com\/wp-content\/uploads\/2022\/07\/4-600x323.png 600w, https:\/\/bartholdys.com\/wp-content\/uploads\/2022\/07\/4-64x34.png 64w, https:\/\/bartholdys.com\/wp-content\/uploads\/2022\/07\/4.png 1580w\" sizes=\"100vw\" \/>\t\t\t\t\t\t\t\t\t\t\t\t\t\t\t<\/div>\n\t\t\t\t<\/div>\n\t\t\t\t<div class=\"elementor-element elementor-element-790e5e5 elementor-widget elementor-widget-button\" data-id=\"790e5e5\" data-element_type=\"widget\" data-widget_type=\"button.default\">\n\t\t\t\t<div class=\"elementor-widget-container\">\n\t\t\t\t\t<div class=\"elementor-button-wrapper\">\n\t\t\t<a href=\"http:\/\/bartholdys.com\/index.php\/product-category\/vinilos\/\" class=\"elementor-button-link elementor-button elementor-size-xs\" role=\"button\">\n\t\t\t\t\t\t<span class=\"elementor-button-content-wrapper\">\n\t\t\t\t\t\t<span class=\"elementor-button-text\">Cat\u00e1logo<\/span>\n\t\t<\/span>\n\t\t\t\t\t<\/a>\n\t\t<\/div>\n\t\t\t\t<\/div>\n\t\t\t\t<\/div>\n\t\t\t\t\t<\/div>\n\t\t<\/div>\n\t\t\t\t\t\t\t<\/div>\n\t\t<\/section>\n\t\t\t\t\t\t\t<\/div>\n\t\t","protected":false},"excerpt":{"rendered":"<p>Cat\u00e1logo Cat\u00e1logo Cat\u00e1logo<\/p>\n","protected":false},"author":1,"featured_media":0,"parent":0,"menu_order":0,"comment_status":"closed","ping_status":"closed","template":"","meta":{"om_disable_all_campaigns":false,"_monsterinsights_skip_tracking":false,"_monsterinsights_sitenote_active":false,"_monsterinsights_sitenote_note":"","_monsterinsights_sitenote_category":0},"_links":{"self":[{"href":"https:\/\/bartholdys.com\/index.php\/wp-json\/wp\/v2\/pages\/1307"}],"collection":[{"href":"https:\/\/bartholdys.com\/index.php\/wp-json\/wp\/v2\/pages"}],"about":[{"href":"https:\/\/bartholdys.com\/index.php\/wp-json\/wp\/v2\/types\/page"}],"author":[{"embeddable":true,"href":"https:\/\/bartholdys.com\/index.php\/wp-json\/wp\/v2\/users\/1"}],"replies":[{"embeddable":true,"href":"https:\/\/bartholdys.com\/index.php\/wp-json\/wp\/v2\/comments?post=1307"}],"version-history":[{"count":17,"href":"https:\/\/bartholdys.com\/index.php\/wp-json\/wp\/v2\/pages\/1307\/revisions"}],"predecessor-version":[{"id":2147,"href":"https:\/\/bartholdys.com\/index.php\/wp-json\/wp\/v2\/pages\/1307\/revisions\/2147"}],"wp:attachment":[{"href":"https:\/\/bartholdys.com\/index.php\/wp-json\/wp\/v2\/media?parent=1307"}],"curies":[{"name":"wp","href":"https:\/\/api.w.org\/{rel}","templated":true}]}}