{"id":2171,"date":"2022-07-23T05:26:56","date_gmt":"2022-07-23T05:26:56","guid":{"rendered":"https:\/\/bartholdys.com\/?post_type=product&#038;p=2171"},"modified":"2022-07-23T05:28:20","modified_gmt":"2022-07-23T05:28:20","slug":"caporale-m-tiempo-materia-y-ritmo","status":"publish","type":"product","link":"https:\/\/bartholdys.com\/index.php\/product\/caporale-m-tiempo-materia-y-ritmo\/","title":{"rendered":"Caporale, M. &#8220;Tiempo, materia y ritmo&#8221;"},"content":{"rendered":"<p><b>Dibujo d\u00f3nde est\u00e1 la dama del armi\u00f1o, Van Eyck y virgen:<\/b><br \/>\n&#8220;Tiempo, materia y ritmo&#8221;\u00a0Carbonilla y l\u00e1piz sobre papel. 80 x 70 cm. 2022<\/p>\n","protected":false},"excerpt":{"rendered":"<p>Dibujo d\u00f3nde est\u00e1 la dama del armi\u00f1o, Van Eyck y virgen: &#8220;Tiempo, materia y ritmo&#8221;\u00a0Carbonilla y l\u00e1piz sobre papel. 80 x 70 cm. 2022<\/p>\n","protected":false},"featured_media":2172,"comment_status":"open","ping_status":"closed","template":"","meta":{"om_disable_all_campaigns":false,"_monsterinsights_skip_tracking":false,"_monsterinsights_sitenote_active":false,"_monsterinsights_sitenote_note":"","_monsterinsights_sitenote_category":0},"product_cat":[26],"product_tag":[],"_links":{"self":[{"href":"https:\/\/bartholdys.com\/index.php\/wp-json\/wp\/v2\/product\/2171"}],"collection":[{"href":"https:\/\/bartholdys.com\/index.php\/wp-json\/wp\/v2\/product"}],"about":[{"href":"https:\/\/bartholdys.com\/index.php\/wp-json\/wp\/v2\/types\/product"}],"replies":[{"embeddable":true,"href":"https:\/\/bartholdys.com\/index.php\/wp-json\/wp\/v2\/comments?post=2171"}],"wp:featuredmedia":[{"embeddable":true,"href":"https:\/\/bartholdys.com\/index.php\/wp-json\/wp\/v2\/media\/2172"}],"wp:attachment":[{"href":"https:\/\/bartholdys.com\/index.php\/wp-json\/wp\/v2\/media?parent=2171"}],"wp:term":[{"taxonomy":"product_cat","embeddable":true,"href":"https:\/\/bartholdys.com\/index.php\/wp-json\/wp\/v2\/product_cat?post=2171"},{"taxonomy":"product_tag","embeddable":true,"href":"https:\/\/bartholdys.com\/index.php\/wp-json\/wp\/v2\/product_tag?post=2171"}],"curies":[{"name":"wp","href":"https:\/\/api.w.org\/{rel}","templated":true}]}}