{"id":2231,"date":"2022-09-09T04:17:06","date_gmt":"2022-09-09T04:17:06","guid":{"rendered":"https:\/\/bartholdys.com\/?post_type=product&#038;p=2231"},"modified":"2022-09-09T04:17:06","modified_gmt":"2022-09-09T04:17:06","slug":"bach-pasion-segun-san-mateo","status":"publish","type":"product","link":"https:\/\/bartholdys.com\/index.php\/product\/bach-pasion-segun-san-mateo\/","title":{"rendered":"Bach Pasi\u00f3n seg\u00fan San Mateo"},"content":{"rendered":"<p>Edici\u00f3n Inglesa en muy buen estado. Texto en Ingles.<\/p>\n","protected":false},"excerpt":{"rendered":"<p>Edici\u00f3n Inglesa en muy buen estado. Texto en Ingles.<\/p>\n","protected":false},"featured_media":2232,"comment_status":"open","ping_status":"closed","template":"","meta":{"om_disable_all_campaigns":false,"_monsterinsights_skip_tracking":false,"_monsterinsights_sitenote_active":false,"_monsterinsights_sitenote_note":"","_monsterinsights_sitenote_category":0},"product_cat":[18,28],"product_tag":[],"_links":{"self":[{"href":"https:\/\/bartholdys.com\/index.php\/wp-json\/wp\/v2\/product\/2231"}],"collection":[{"href":"https:\/\/bartholdys.com\/index.php\/wp-json\/wp\/v2\/product"}],"about":[{"href":"https:\/\/bartholdys.com\/index.php\/wp-json\/wp\/v2\/types\/product"}],"replies":[{"embeddable":true,"href":"https:\/\/bartholdys.com\/index.php\/wp-json\/wp\/v2\/comments?post=2231"}],"wp:featuredmedia":[{"embeddable":true,"href":"https:\/\/bartholdys.com\/index.php\/wp-json\/wp\/v2\/media\/2232"}],"wp:attachment":[{"href":"https:\/\/bartholdys.com\/index.php\/wp-json\/wp\/v2\/media?parent=2231"}],"wp:term":[{"taxonomy":"product_cat","embeddable":true,"href":"https:\/\/bartholdys.com\/index.php\/wp-json\/wp\/v2\/product_cat?post=2231"},{"taxonomy":"product_tag","embeddable":true,"href":"https:\/\/bartholdys.com\/index.php\/wp-json\/wp\/v2\/product_tag?post=2231"}],"curies":[{"name":"wp","href":"https:\/\/api.w.org\/{rel}","templated":true}]}}